{"id":3371,"date":"2024-11-09T14:58:27","date_gmt":"2024-11-09T14:58:27","guid":{"rendered":"https:\/\/kamranaghayev.com\/iletisim\/"},"modified":"2025-05-11T20:34:57","modified_gmt":"2025-05-11T20:34:57","slug":"iletisim","status":"publish","type":"page","link":"https:\/\/kamranaghayev.com\/tr\/iletisim\/","title":{"rendered":"\u0130leti\u015fim"},"content":{"rendered":"\t\t<div data-elementor-type=\"wp-page\" data-elementor-id=\"3371\" class=\"elementor elementor-3371 elementor-339\" data-elementor-post-type=\"page\">\n\t\t\t\t<div class=\"elementor-element elementor-element-9308b80 e-flex e-con-boxed e-con e-parent\" data-id=\"9308b80\" data-element_type=\"container\" data-e-type=\"container\">\n\t\t\t\t\t<div class=\"e-con-inner\">\n\t\t<div class=\"elementor-element elementor-element-376d85ab e-flex e-con-boxed e-con e-child\" data-id=\"376d85ab\" data-element_type=\"container\" data-e-type=\"container\" data-settings=\"{&quot;background_background&quot;:&quot;classic&quot;}\">\n\t\t\t\t\t<div class=\"e-con-inner\">\n\t\t\t\t<div class=\"elementor-element elementor-element-7ce27044 elementor-widget elementor-widget-heading\" data-id=\"7ce27044\" data-element_type=\"widget\" data-e-type=\"widget\" data-widget_type=\"heading.default\">\n\t\t\t\t\t<h2 class=\"elementor-heading-title elementor-size-default\">\u0130leti\u015fim Formu<\/h2>\t\t\t\t<\/div>\n\t\t\t\t<div class=\"elementor-element elementor-element-2ec5348b elementor-widget elementor-widget-hubspot-form\" data-id=\"2ec5348b\" data-element_type=\"widget\" data-e-type=\"widget\" data-widget_type=\"hubspot-form.default\">\n\t\t\t\t<div class=\"elementor-widget-container\">\n\t\t\t\t\t\n\t\t\t\t\t\t<script>\n\t\t\t\t\t\t\twindow.hsFormsOnReady = window.hsFormsOnReady || [];\n\t\t\t\t\t\t\twindow.hsFormsOnReady.push(()=>{\n\t\t\t\t\t\t\t\thbspt.forms.create({\n\t\t\t\t\t\t\t\t\tportalId: 143283425,\n\t\t\t\t\t\t\t\t\tformId: \"0d341873-cd66-4aee-9086-475e9fa2173e\",\n\t\t\t\t\t\t\t\t\ttarget: \"#hbspt-form-1775406001000-5670972890\",\n\t\t\t\t\t\t\t\t\tregion: \"eu1\",\n\t\t\t\t\t\t\t\t\t\n\t\t\t\t\t\t\t})});\n\t\t\t\t\t\t<\/script>\n\t\t\t\t\t\t<div class=\"hbspt-form\" id=\"hbspt-form-1775406001000-5670972890\"><\/div>\t\t\t\t<\/div>\n\t\t\t\t<\/div>\n\t\t\t\t\t<\/div>\n\t\t\t\t<\/div>\n\t\t<div class=\"elementor-element elementor-element-19e2930c e-flex e-con-boxed e-con e-child\" data-id=\"19e2930c\" data-element_type=\"container\" data-e-type=\"container\">\n\t\t\t\t\t<div class=\"e-con-inner\">\n\t\t\t\t<div class=\"elementor-element elementor-element-36fe03e8 elementor-widget elementor-widget-heading\" data-id=\"36fe03e8\" data-element_type=\"widget\" data-e-type=\"widget\" data-widget_type=\"heading.default\">\n\t\t\t\t\t<h1 class=\"elementor-heading-title elementor-size-default\">\u0130leti\u015fim ve Konum Bilgileri<\/h1>\t\t\t\t<\/div>\n\t\t\t\t<div class=\"elementor-element elementor-element-3630d484 elementor-widget elementor-widget-text-editor\" data-id=\"3630d484\" data-element_type=\"widget\" data-e-type=\"widget\" data-widget_type=\"text-editor.default\">\n\t\t\t\t\t\t\t\t\t<p><strong>Konum<\/strong><br \/><a href=\"https:\/\/maps.app.goo.gl\/soqT4a5JscpYDMm9A\" target=\"_blank\" rel=\"noopener\">Selenium Retro 9, A Blok, 13. Kat, Ofis No:101, Bak\u0131rk\u00f6y\/\u0130stanbul<\/a><\/p><p><strong>\u0130leti\u015fim<\/strong><br \/><a href=\"tel:+905343935651\">+90 (534) 393-56-51<\/a><br \/><a href=\"https:\/\/wa.me\/+905343935651\" target=\"_blank\" rel=\"noopener\">WhatsApp<\/a><br \/><a href=\"https:\/\/www.facebook.com\/Dr.Kamran.Aghayev\" target=\"_blank\" rel=\"noopener\">Facebook<\/a><br \/><a href=\"mailto:kamran@aghayev.md\">E-posta: kamran@aghayev.md<\/a><\/p><p><strong>\u00c7al\u0131\u015fma Saatleri<\/strong><br \/>Pazartesi \u2014 Cuma: 9:00 \u2013 17:00<br \/>Cumartesi: 09:00 \u2013 14:00<\/p>\t\t\t\t\t\t\t\t<\/div>\n\t\t\t\t\t<\/div>\n\t\t\t\t<\/div>\n\t\t\t\t\t<\/div>\n\t\t\t\t<\/div>\n\t\t\t\t<\/div>\n\t\t","protected":false},"excerpt":{"rendered":"<p>\u0130leti\u015fim Formu \u0130leti\u015fim ve Konum Bilgileri KonumSelenium Retro 9, A Blok, 13. Kat, Ofis No:101, Bak\u0131rk\u00f6y\/\u0130stanbul \u0130leti\u015fim+90 (534) 393-56-51WhatsAppFacebookE-posta: kamran@aghayev.md \u00c7al\u0131\u015fma SaatleriPazartesi \u2014 Cuma: 9:00 \u2013 17:00Cumartesi: 09:00 \u2013 14:00<\/p>\n","protected":false},"author":2,"featured_media":0,"parent":0,"menu_order":0,"comment_status":"closed","ping_status":"closed","template":"elementor_header_footer","meta":{"_acf_changed":false,"content-type":"","footnotes":""},"class_list":["post-3371","page","type-page","status-publish","hentry"],"acf":[],"_links":{"self":[{"href":"https:\/\/kamranaghayev.com\/tr\/wp-json\/wp\/v2\/pages\/3371","targetHints":{"allow":["GET"]}}],"collection":[{"href":"https:\/\/kamranaghayev.com\/tr\/wp-json\/wp\/v2\/pages"}],"about":[{"href":"https:\/\/kamranaghayev.com\/tr\/wp-json\/wp\/v2\/types\/page"}],"author":[{"embeddable":true,"href":"https:\/\/kamranaghayev.com\/tr\/wp-json\/wp\/v2\/users\/2"}],"replies":[{"embeddable":true,"href":"https:\/\/kamranaghayev.com\/tr\/wp-json\/wp\/v2\/comments?post=3371"}],"version-history":[{"count":0,"href":"https:\/\/kamranaghayev.com\/tr\/wp-json\/wp\/v2\/pages\/3371\/revisions"}],"wp:attachment":[{"href":"https:\/\/kamranaghayev.com\/tr\/wp-json\/wp\/v2\/media?parent=3371"}],"curies":[{"name":"wp","href":"https:\/\/api.w.org\/{rel}","templated":true}]}}