{"id":3380,"date":"2024-11-09T14:57:28","date_gmt":"2024-11-09T14:57:28","guid":{"rendered":"https:\/\/kamranaghayev.com\/yorumlar\/"},"modified":"2025-05-11T19:17:38","modified_gmt":"2025-05-11T19:17:38","slug":"yorumlar","status":"publish","type":"page","link":"https:\/\/kamranaghayev.com\/tr\/yorumlar\/","title":{"rendered":"Yorumlar"},"content":{"rendered":"\t\t<div data-elementor-type=\"wp-page\" data-elementor-id=\"3380\" class=\"elementor elementor-3380 elementor-337\" data-elementor-post-type=\"page\">\n\t\t\t\t<div class=\"elementor-element elementor-element-b20adf3 e-con-full e-flex e-con e-child\" data-id=\"b20adf3\" data-element_type=\"container\" data-e-type=\"container\">\n\t\t<div class=\"elementor-element elementor-element-39e7fe02 e-con-full e-flex e-con e-child\" data-id=\"39e7fe02\" data-element_type=\"container\" data-e-type=\"container\">\n\t\t<div class=\"elementor-element elementor-element-79ab6337 e-con-full e-flex e-con e-child\" data-id=\"79ab6337\" data-element_type=\"container\" data-e-type=\"container\">\n\t\t\t\t<div class=\"elementor-element elementor-element-38220034 elementor-widget elementor-widget-heading\" data-id=\"38220034\" data-element_type=\"widget\" data-e-type=\"widget\" data-widget_type=\"heading.default\">\n\t\t\t\t\t<h2 class=\"elementor-heading-title elementor-size-default\">Hastalar\u0131m\u0131z\u0131n Hikayelerini Ke\u015ffedin<\/h2>\t\t\t\t<\/div>\n\t\t\t\t<div class=\"elementor-element elementor-element-504cad0c elementor-widget elementor-widget-text-editor\" data-id=\"504cad0c\" data-element_type=\"widget\" data-e-type=\"widget\" data-widget_type=\"text-editor.default\">\n\t\t\t\t\t\t\t\t\t<p>Hastalar\u0131m\u0131z\u0131n gizlili\u011fine b\u00fcy\u00fck sayg\u0131 g\u00f6steriyoruz ve deneyimlerini yaln\u0131zca a\u00e7\u0131k r\u0131zalar\u0131yla payla\u015f\u0131yoruz. \u0130\u00e7eriklerin yay\u0131mlanmas\u0131 tamamen g\u00f6n\u00fcll\u00fcd\u00fcr ve hastan\u0131n, Dr. Aghayev&#8217;in tedavi deneyimiyle ba\u015fkalar\u0131na yard\u0131mc\u0131 olma iste\u011fine dayan\u0131r. Deneyimlerini bizimle payla\u015fan t\u00fcm hastalar\u0131m\u0131za i\u00e7tenlikle te\u015fekk\u00fcr ederiz.<\/p>\t\t\t\t\t\t\t\t<\/div>\n\t\t\t\t<\/div>\n\t\t\t\t<div class=\"elementor-element elementor-element-577ed6d3 ha-pg-grid-3 ha-pg-grid-tablet-2 ha-pg-grid-mobile-1 elementor-widget elementor-widget-ha-post-grid-new happy-addon ha-post-grid-new happy-addon-pro\" data-id=\"577ed6d3\" data-element_type=\"widget\" data-e-type=\"widget\" data-settings=\"{&quot;columns&quot;:&quot;3&quot;,&quot;columns_tablet&quot;:&quot;2&quot;,&quot;columns_mobile&quot;:&quot;1&quot;}\" data-widget_type=\"ha-post-grid-new.default\">\n\t\t\t\t\t\t\t\t\t\t\t<div class=\"ha-pg-wrapper ha-pg-default ha-pg-classic\">\n\t\t\t\t\t<div class=\"ha-pg-grid-wrap\">\n\t\t\t\t\t\n\t\t\t\t\t\t\t\t<div class=\"ha-pg-item\">\n\t\t\t\t\t\t\t<div class=\"ha-pg-thumb-area\">\n\t\t\t\t\t<a href=\"https:\/\/kamranaghayev.com\/tr\/hastalar\/bel-fitigi-tedavisi-abd\/\" class=\"ha-pg-thumb\">\n\t\t\t\t\t\t<img fetchpriority=\"high\" decoding=\"async\" width=\"800\" height=\"419\" src=\"https:\/\/kamranaghayev.com\/wp-content\/uploads\/2025\/03\/Lumbar-Disc-Herniation-USA-Corey-Nilson-Featured.webp\" class=\"attachment-full size-full wp-post-image\" alt=\"\" srcset=\"https:\/\/kamranaghayev.com\/wp-content\/uploads\/2025\/03\/Lumbar-Disc-Herniation-USA-Corey-Nilson-Featured.webp 800w, https:\/\/kamranaghayev.com\/wp-content\/uploads\/2025\/03\/Lumbar-Disc-Herniation-USA-Corey-Nilson-Featured-300x157.webp 300w, https:\/\/kamranaghayev.com\/wp-content\/uploads\/2025\/03\/Lumbar-Disc-Herniation-USA-Corey-Nilson-Featured-768x402.webp 768w\" sizes=\"(max-width: 800px) 100vw, 800px\" \/>\t\t\t\t\t<\/a>\n\t\t\t\t\t\t\t\t\t<\/div>\n\t\t\t\t\t\t<div class=\"ha-pg-content-area\">\n\n\t\t\t\t<div class=\"ha-pg-title\"><a href=\"https:\/\/kamranaghayev.com\/tr\/hastalar\/bel-fitigi-tedavisi-abd\/\">Hasta Deneyimi: Bel F\u0131t\u0131\u011f\u0131 Tedavisi (ABD)<\/a><\/div>\n\t\t\t\t\n\t\t\t\t\t\t\t<div class=\"ha-pg-excerpt\">\n\t\t\t\t<p>Bay Nilson, uzun s\u00fcredir bel a\u011fr\u0131s\u0131 ve bacaklar\u0131nda uyu\u015fma ya\u015fad\u0131ktan sonra Amerika Birle\u015fik Devletleri\u2019nden Dr. Kamran Aghayev\u2019e ba\u015fvurdu.<\/p>\t\t\t<\/div>\n\t\t\n\t\t\t\t<div class=\"ha-pg-readmore\"><a href=\"https:\/\/kamranaghayev.com\/tr\/hastalar\/bel-fitigi-tedavisi-abd\/\" target=\"_self\">Tamam\u0131n\u0131 oku \u2192<\/a><\/div>\t\t\t<\/div>\n\t\t<\/div>\n\t\n\t\t\t\t\t\n\t\t\t\t\t\t\t\t<div class=\"ha-pg-item\">\n\t\t\t\t\t\t\t<div class=\"ha-pg-thumb-area\">\n\t\t\t\t\t<a href=\"https:\/\/kamranaghayev.com\/tr\/hastalar\/eagle-sendromu-norvec\/\" class=\"ha-pg-thumb\">\n\t\t\t\t\t\t<img decoding=\"async\" width=\"800\" height=\"419\" src=\"https:\/\/kamranaghayev.com\/wp-content\/uploads\/2025\/03\/Eagle-Syndrome-Norway-Mrs-Johansen-Featured.webp\" class=\"attachment-full size-full wp-post-image\" alt=\"\" srcset=\"https:\/\/kamranaghayev.com\/wp-content\/uploads\/2025\/03\/Eagle-Syndrome-Norway-Mrs-Johansen-Featured.webp 800w, https:\/\/kamranaghayev.com\/wp-content\/uploads\/2025\/03\/Eagle-Syndrome-Norway-Mrs-Johansen-Featured-300x157.webp 300w, https:\/\/kamranaghayev.com\/wp-content\/uploads\/2025\/03\/Eagle-Syndrome-Norway-Mrs-Johansen-Featured-768x402.webp 768w\" sizes=\"(max-width: 800px) 100vw, 800px\" \/>\t\t\t\t\t<\/a>\n\t\t\t\t\t\t\t\t\t<\/div>\n\t\t\t\t\t\t<div class=\"ha-pg-content-area\">\n\n\t\t\t\t<div class=\"ha-pg-title\"><a href=\"https:\/\/kamranaghayev.com\/tr\/hastalar\/eagle-sendromu-norvec\/\">Hasta Deneyimi: Eagle Sendromu Tedavisi (Norve\u00e7)<\/a><\/div>\n\t\t\t\t\n\t\t\t\t\t\t\t<div class=\"ha-pg-excerpt\">\n\t\t\t\t<p>Lena Johansen, Norve\u00e7'ten \u0130stanbul'a, Eagle sendromundan kurtulmak i\u00e7in geldi. Bu durum, ona sa\u011fl\u0131kl\u0131 bir ya\u015fam s\u00fcrmesini engelliyordu.<\/p>\t\t\t<\/div>\n\t\t\n\t\t\t\t<div class=\"ha-pg-readmore\"><a href=\"https:\/\/kamranaghayev.com\/tr\/hastalar\/eagle-sendromu-norvec\/\" target=\"_self\">Tamam\u0131n\u0131 oku \u2192<\/a><\/div>\t\t\t<\/div>\n\t\t<\/div>\n\t\n\t\t\t\t\t\n\t\t\t\t\t\t\t\t<div class=\"ha-pg-item\">\n\t\t\t\t\t\t\t<div class=\"ha-pg-thumb-area\">\n\t\t\t\t\t<a href=\"https:\/\/kamranaghayev.com\/tr\/hastalar\/sabit-omurilik-sendromu-siringomiyeli-abd\/\" class=\"ha-pg-thumb\">\n\t\t\t\t\t\t<img decoding=\"async\" width=\"800\" height=\"419\" src=\"https:\/\/kamranaghayev.com\/wp-content\/uploads\/2025\/03\/Spinal-Cord-Injury-USA-Featured.webp\" class=\"attachment-full size-full wp-post-image\" alt=\"\" srcset=\"https:\/\/kamranaghayev.com\/wp-content\/uploads\/2025\/03\/Spinal-Cord-Injury-USA-Featured.webp 800w, https:\/\/kamranaghayev.com\/wp-content\/uploads\/2025\/03\/Spinal-Cord-Injury-USA-Featured-300x157.webp 300w, https:\/\/kamranaghayev.com\/wp-content\/uploads\/2025\/03\/Spinal-Cord-Injury-USA-Featured-768x402.webp 768w\" sizes=\"(max-width: 800px) 100vw, 800px\" \/>\t\t\t\t\t<\/a>\n\t\t\t\t\t\t\t\t\t<\/div>\n\t\t\t\t\t\t<div class=\"ha-pg-content-area\">\n\n\t\t\t\t<div class=\"ha-pg-title\"><a href=\"https:\/\/kamranaghayev.com\/tr\/hastalar\/sabit-omurilik-sendromu-siringomiyeli-abd\/\">Hasta Deneyimi: Sabit Omurilik Sendromu ve Siringomiyeli Tedavisi (ABD)<\/a><\/div>\n\t\t\t\t\n\t\t\t\t\t\t\t<div class=\"ha-pg-excerpt\">\n\t\t\t\t<p>Uzun y\u0131llar omurilik yaralanmas\u0131n\u0131n sonu\u00e7lar\u0131yla ya\u015fad\u0131ktan sonra, hasta \u00f6zel tedavi i\u00e7in ABD'den \u0130stanbul'a geldi.<\/p>\t\t\t<\/div>\n\t\t\n\t\t\t\t<div class=\"ha-pg-readmore\"><a href=\"https:\/\/kamranaghayev.com\/tr\/hastalar\/sabit-omurilik-sendromu-siringomiyeli-abd\/\" target=\"_self\">Tamam\u0131n\u0131 oku \u2192<\/a><\/div>\t\t\t<\/div>\n\t\t<\/div>\n\t\n\t\t\t\t\t\n\t\t\t\t\t\t\t\t<div class=\"ha-pg-item\">\n\t\t\t\t\t\t\t<div class=\"ha-pg-thumb-area\">\n\t\t\t\t\t<a href=\"https:\/\/kamranaghayev.com\/tr\/hastalar\/eagle-sendromu-kanada\/\" class=\"ha-pg-thumb\">\n\t\t\t\t\t\t<img loading=\"lazy\" decoding=\"async\" width=\"783\" height=\"410\" src=\"https:\/\/kamranaghayev.com\/wp-content\/uploads\/2025\/03\/Eagle-Syndrome-Treatment-Canada-Featured.webp\" class=\"attachment-full size-full wp-post-image\" alt=\"\" srcset=\"https:\/\/kamranaghayev.com\/wp-content\/uploads\/2025\/03\/Eagle-Syndrome-Treatment-Canada-Featured.webp 783w, https:\/\/kamranaghayev.com\/wp-content\/uploads\/2025\/03\/Eagle-Syndrome-Treatment-Canada-Featured-300x157.webp 300w, https:\/\/kamranaghayev.com\/wp-content\/uploads\/2025\/03\/Eagle-Syndrome-Treatment-Canada-Featured-768x402.webp 768w\" sizes=\"(max-width: 783px) 100vw, 783px\" \/>\t\t\t\t\t<\/a>\n\t\t\t\t\t\t\t\t\t<\/div>\n\t\t\t\t\t\t<div class=\"ha-pg-content-area\">\n\n\t\t\t\t<div class=\"ha-pg-title\"><a href=\"https:\/\/kamranaghayev.com\/tr\/hastalar\/eagle-sendromu-kanada\/\">Hasta Deneyimi: Eagle Sendromu Tedavisi (Kanada)<\/a><\/div>\n\t\t\t\t\n\t\t\t\t\t\t\t<div class=\"ha-pg-excerpt\">\n\t\t\t\t<p>Kanada'dan bir hasta, nadir bir hastal\u0131k olan Eagle Sendromu nedeniyle ya\u015fad\u0131\u011f\u0131 \u015fiddetli semptomlardan kurtulmak i\u00e7in \u0130stanbul'a geldi.<\/p>\t\t\t<\/div>\n\t\t\n\t\t\t\t<div class=\"ha-pg-readmore\"><a href=\"https:\/\/kamranaghayev.com\/tr\/hastalar\/eagle-sendromu-kanada\/\" target=\"_self\">Tamam\u0131n\u0131 oku \u2192<\/a><\/div>\t\t\t<\/div>\n\t\t<\/div>\n\t\n\t\t\t\t\t\n\t\t\t\t\t\t\t\t<div class=\"ha-pg-item\">\n\t\t\t\t\t\t\t<div class=\"ha-pg-thumb-area\">\n\t\t\t\t\t<a href=\"https:\/\/kamranaghayev.com\/tr\/hastalar\/torasik-cikis-sendromu-bahreyn\/\" class=\"ha-pg-thumb\">\n\t\t\t\t\t\t<img loading=\"lazy\" decoding=\"async\" width=\"768\" height=\"402\" src=\"https:\/\/kamranaghayev.com\/wp-content\/uploads\/2025\/03\/Thoracic-Outlet-Syndrome-Bahrain-Featured.webp\" class=\"attachment-full size-full wp-post-image\" alt=\"\" srcset=\"https:\/\/kamranaghayev.com\/wp-content\/uploads\/2025\/03\/Thoracic-Outlet-Syndrome-Bahrain-Featured.webp 768w, https:\/\/kamranaghayev.com\/wp-content\/uploads\/2025\/03\/Thoracic-Outlet-Syndrome-Bahrain-Featured-300x157.webp 300w\" sizes=\"(max-width: 768px) 100vw, 768px\" \/>\t\t\t\t\t<\/a>\n\t\t\t\t\t\t\t\t\t<\/div>\n\t\t\t\t\t\t<div class=\"ha-pg-content-area\">\n\n\t\t\t\t<div class=\"ha-pg-title\"><a href=\"https:\/\/kamranaghayev.com\/tr\/hastalar\/torasik-cikis-sendromu-bahreyn\/\">Hasta Deneyimi: Torasik \u00c7\u0131k\u0131\u015f Sendromu Tedavisi (Bahreyn)<\/a><\/div>\n\t\t\t\t\n\t\t\t\t\t\t\t<div class=\"ha-pg-excerpt\">\n\t\t\t\t<p>Bahreyn'den bir hasta, daha \u00f6nceki ba\u015far\u0131s\u0131z bir ameliyat\u0131n ard\u0131ndan torasik \u00e7\u0131k\u0131\u015f sendromundan kurtulmak i\u00e7in \u0130stanbul'a geldi.<\/p>\t\t\t<\/div>\n\t\t\n\t\t\t\t<div class=\"ha-pg-readmore\"><a href=\"https:\/\/kamranaghayev.com\/tr\/hastalar\/torasik-cikis-sendromu-bahreyn\/\" target=\"_self\">Tamam\u0131n\u0131 oku \u2192<\/a><\/div>\t\t\t<\/div>\n\t\t<\/div>\n\t\n\t\t\t\t\t\n\t\t\t\t\t\t\t\t<div class=\"ha-pg-item\">\n\t\t\t\t\t\t\t<div class=\"ha-pg-thumb-area\">\n\t\t\t\t\t<a href=\"https:\/\/kamranaghayev.com\/tr\/hastalar\/omurga-fuzyonu-nonunion-letonya\/\" class=\"ha-pg-thumb\">\n\t\t\t\t\t\t<img loading=\"lazy\" decoding=\"async\" width=\"800\" height=\"419\" src=\"https:\/\/kamranaghayev.com\/wp-content\/uploads\/2025\/03\/Spinal-Fusion-Nonunion-Latvia-Featured.webp\" class=\"attachment-full size-full wp-post-image\" alt=\"\" srcset=\"https:\/\/kamranaghayev.com\/wp-content\/uploads\/2025\/03\/Spinal-Fusion-Nonunion-Latvia-Featured.webp 800w, https:\/\/kamranaghayev.com\/wp-content\/uploads\/2025\/03\/Spinal-Fusion-Nonunion-Latvia-Featured-300x157.webp 300w, https:\/\/kamranaghayev.com\/wp-content\/uploads\/2025\/03\/Spinal-Fusion-Nonunion-Latvia-Featured-768x402.webp 768w\" sizes=\"(max-width: 800px) 100vw, 800px\" \/>\t\t\t\t\t<\/a>\n\t\t\t\t\t\t\t\t\t<\/div>\n\t\t\t\t\t\t<div class=\"ha-pg-content-area\">\n\n\t\t\t\t<div class=\"ha-pg-title\"><a href=\"https:\/\/kamranaghayev.com\/tr\/hastalar\/omurga-fuzyonu-nonunion-letonya\/\">Hasta Deneyimi: Omurga F\u00fczyonu Nonunion Tedavisi (Letonya)<\/a><\/div>\n\t\t\t\t\n\t\t\t\t\t\t\t<div class=\"ha-pg-excerpt\">\n\t\t\t\t<p>Letonya\u2019dan gen\u00e7 bir kad\u0131n, y\u0131llard\u0131r boyun omurgas\u0131ndaki s\u00fcrekli a\u011fr\u0131 ve n\u00f6rolojik sorunlarla m\u00fccadele ettikten sonra uzman tedavi i\u00e7in \u0130stanbul\u2019a geldi.<\/p>\t\t\t<\/div>\n\t\t\n\t\t\t\t<div class=\"ha-pg-readmore\"><a href=\"https:\/\/kamranaghayev.com\/tr\/hastalar\/omurga-fuzyonu-nonunion-letonya\/\" target=\"_self\">Tamam\u0131n\u0131 oku \u2192<\/a><\/div>\t\t\t<\/div>\n\t\t<\/div>\n\t\n\t\t\t\t\t\n\t\t\t\t\t\t\t\t<div class=\"ha-pg-item\">\n\t\t\t\t\t\t\t<div class=\"ha-pg-thumb-area\">\n\t\t\t\t\t<a href=\"https:\/\/kamranaghayev.com\/tr\/hastalar\/gogus-bel-omurgasi-tedavisi-bulgaristan\/\" class=\"ha-pg-thumb\">\n\t\t\t\t\t\t<img loading=\"lazy\" decoding=\"async\" width=\"630\" height=\"330\" src=\"https:\/\/kamranaghayev.com\/wp-content\/uploads\/2025\/03\/Thoracic-Lumbar-Vertebrae-Bulgaria-Featured.webp\" class=\"attachment-full size-full wp-post-image\" alt=\"\" srcset=\"https:\/\/kamranaghayev.com\/wp-content\/uploads\/2025\/03\/Thoracic-Lumbar-Vertebrae-Bulgaria-Featured.webp 630w, https:\/\/kamranaghayev.com\/wp-content\/uploads\/2025\/03\/Thoracic-Lumbar-Vertebrae-Bulgaria-Featured-300x157.webp 300w\" sizes=\"(max-width: 630px) 100vw, 630px\" \/>\t\t\t\t\t<\/a>\n\t\t\t\t\t\t\t\t\t<\/div>\n\t\t\t\t\t\t<div class=\"ha-pg-content-area\">\n\n\t\t\t\t<div class=\"ha-pg-title\"><a href=\"https:\/\/kamranaghayev.com\/tr\/hastalar\/gogus-bel-omurgasi-tedavisi-bulgaristan\/\">Hasta Deneyimi: G\u00f6\u011f\u00fcs ve Bel Omurgas\u0131 Tedavisi (Bulgaristan)<\/a><\/div>\n\t\t\t\t\n\t\t\t\t\t\t\t<div class=\"ha-pg-excerpt\">\n\t\t\t\t<p>Kardiyolog Dr. J\u00fcrgen, g\u00f6\u011f\u00fcs ve bel omurga rahats\u0131zl\u0131klar\u0131 y\u00fcz\u00fcnden ya\u015fad\u0131\u011f\u0131 a\u011fr\u0131 ve n\u00f6rolojik sorunlara \u00e7are bulmak i\u00e7in Bulgaristan\u2019dan \u0130stanbul\u2019a geldi.<\/p>\t\t\t<\/div>\n\t\t\n\t\t\t\t<div class=\"ha-pg-readmore\"><a href=\"https:\/\/kamranaghayev.com\/tr\/hastalar\/gogus-bel-omurgasi-tedavisi-bulgaristan\/\" target=\"_self\">Tamam\u0131n\u0131 oku \u2192<\/a><\/div>\t\t\t<\/div>\n\t\t<\/div>\n\t\n\t\t\t\t\t\n\t\t\t\t\t\t\t\t<div class=\"ha-pg-item\">\n\t\t\t\t\t\t\t<div class=\"ha-pg-thumb-area\">\n\t\t\t\t\t<a href=\"https:\/\/kamranaghayev.com\/tr\/hastalar\/beyin-avm-arnavutluk\/\" class=\"ha-pg-thumb\">\n\t\t\t\t\t\t<img loading=\"lazy\" decoding=\"async\" width=\"800\" height=\"419\" src=\"https:\/\/kamranaghayev.com\/wp-content\/uploads\/2025\/03\/Brain-AVM-Albania-Featured.webp\" class=\"attachment-full size-full wp-post-image\" alt=\"\" srcset=\"https:\/\/kamranaghayev.com\/wp-content\/uploads\/2025\/03\/Brain-AVM-Albania-Featured.webp 800w, https:\/\/kamranaghayev.com\/wp-content\/uploads\/2025\/03\/Brain-AVM-Albania-Featured-300x157.webp 300w, https:\/\/kamranaghayev.com\/wp-content\/uploads\/2025\/03\/Brain-AVM-Albania-Featured-768x402.webp 768w\" sizes=\"(max-width: 800px) 100vw, 800px\" \/>\t\t\t\t\t<\/a>\n\t\t\t\t\t\t\t\t\t<\/div>\n\t\t\t\t\t\t<div class=\"ha-pg-content-area\">\n\n\t\t\t\t<div class=\"ha-pg-title\"><a href=\"https:\/\/kamranaghayev.com\/tr\/hastalar\/beyin-avm-arnavutluk\/\">Hasta Deneyimi: Beyin AVM Tedavisi (Arnavutluk)<\/a><\/div>\n\t\t\t\t\n\t\t\t\t\t\t\t<div class=\"ha-pg-excerpt\">\n\t\t\t\t<p>A patient from Albania traveled to Istanbul to seek treatment for brain AVM (arteriovenous malformation) at Dr. Aghayev\u2019s clinic.<\/p>\t\t\t<\/div>\n\t\t\n\t\t\t\t<div class=\"ha-pg-readmore\"><a href=\"https:\/\/kamranaghayev.com\/tr\/hastalar\/beyin-avm-arnavutluk\/\" target=\"_self\">Tamam\u0131n\u0131 oku \u2192<\/a><\/div>\t\t\t<\/div>\n\t\t<\/div>\n\t\n\t\t\t\t\t\t\t\t\t\t\t\t\t\t\t<\/div>\n\t\t\t\t\t\t\t\t\t<\/div>\n\t\t\t\t\t\t\t\t\t<\/div>\n\t\t\t\t<\/div>\n\t\t\t\t<\/div>\n\t\t<div class=\"elementor-element elementor-element-f4f9112 e-con-full e-flex e-con e-parent\" data-id=\"f4f9112\" data-element_type=\"container\" data-e-type=\"container\">\n\t\t\t\t<div class=\"elementor-element elementor-element-ccd46a1 elementor-widget elementor-widget-html\" data-id=\"ccd46a1\" data-element_type=\"widget\" data-e-type=\"widget\" data-widget_type=\"html.default\">\n\t\t\t\t\t<script src=\"https:\/\/static.elfsight.com\/platform\/platform.js\" async=\"\"><\/script>\n<div class=\"elfsight-app-31064247-48db-4aba-a6c4-3b266fe65af6\" data-elfsight-app-lazy=\"\"><\/div>\t\t\t\t<\/div>\n\t\t\t\t<\/div>\n\t\t\t\t<\/div>\n\t\t","protected":false},"excerpt":{"rendered":"<p>Hastalar\u0131m\u0131z\u0131n Hikayelerini Ke\u015ffedin Hastalar\u0131m\u0131z\u0131n gizlili\u011fine b\u00fcy\u00fck sayg\u0131 g\u00f6steriyoruz ve deneyimlerini yaln\u0131zca a\u00e7\u0131k r\u0131zalar\u0131yla payla\u015f\u0131yoruz. \u0130\u00e7eriklerin yay\u0131mlanmas\u0131 tamamen g\u00f6n\u00fcll\u00fcd\u00fcr ve hastan\u0131n, Dr. Aghayev&#8217;in tedavi deneyimiyle ba\u015fkalar\u0131na yard\u0131mc\u0131 olma iste\u011fine dayan\u0131r. Deneyimlerini bizimle payla\u015fan t\u00fcm hastalar\u0131m\u0131za i\u00e7tenlikle te\u015fekk\u00fcr ederiz.<\/p>\n","protected":false},"author":2,"featured_media":0,"parent":0,"menu_order":0,"comment_status":"closed","ping_status":"closed","template":"","meta":{"_acf_changed":false,"content-type":"","footnotes":""},"class_list":["post-3380","page","type-page","status-publish","hentry"],"acf":[],"_links":{"self":[{"href":"https:\/\/kamranaghayev.com\/tr\/wp-json\/wp\/v2\/pages\/3380","targetHints":{"allow":["GET"]}}],"collection":[{"href":"https:\/\/kamranaghayev.com\/tr\/wp-json\/wp\/v2\/pages"}],"about":[{"href":"https:\/\/kamranaghayev.com\/tr\/wp-json\/wp\/v2\/types\/page"}],"author":[{"embeddable":true,"href":"https:\/\/kamranaghayev.com\/tr\/wp-json\/wp\/v2\/users\/2"}],"replies":[{"embeddable":true,"href":"https:\/\/kamranaghayev.com\/tr\/wp-json\/wp\/v2\/comments?post=3380"}],"version-history":[{"count":0,"href":"https:\/\/kamranaghayev.com\/tr\/wp-json\/wp\/v2\/pages\/3380\/revisions"}],"wp:attachment":[{"href":"https:\/\/kamranaghayev.com\/tr\/wp-json\/wp\/v2\/media?parent=3380"}],"curies":[{"name":"wp","href":"https:\/\/api.w.org\/{rel}","templated":true}]}}