{"id":3415,"date":"2024-11-20T05:53:05","date_gmt":"2024-11-20T05:53:05","guid":{"rendered":"https:\/\/kamranaghayev.com\/ofis-randevusu\/"},"modified":"2025-05-11T21:33:21","modified_gmt":"2025-05-11T21:33:21","slug":"randevu-al","status":"publish","type":"page","link":"https:\/\/kamranaghayev.com\/tr\/randevu-al\/","title":{"rendered":"Ofis Randevusu"},"content":{"rendered":"\t\t<div data-elementor-type=\"wp-page\" data-elementor-id=\"3415\" class=\"elementor elementor-3415 elementor-461\" data-elementor-post-type=\"page\">\n\t\t\t\t<div class=\"elementor-element elementor-element-f300e3d e-con-full e-flex e-con e-parent\" data-id=\"f300e3d\" data-element_type=\"container\" data-e-type=\"container\">\n\t\t<div class=\"elementor-element elementor-element-42e51d76 e-flex e-con-boxed e-con e-child\" data-id=\"42e51d76\" data-element_type=\"container\" data-e-type=\"container\">\n\t\t\t\t\t<div class=\"e-con-inner\">\n\t\t\t\t<div class=\"elementor-element elementor-element-5e06054a elementor-widget elementor-widget-image\" data-id=\"5e06054a\" data-element_type=\"widget\" data-e-type=\"widget\" data-widget_type=\"image.default\">\n\t\t\t\t\t\t\t\t\t\t\t\t\t\t\t<img fetchpriority=\"high\" decoding=\"async\" width=\"800\" height=\"534\" src=\"https:\/\/kamranaghayev.com\/wp-content\/uploads\/2024\/11\/kamran-aghayev-promo2-lightblue-1024x683.jpg\" class=\"attachment-large size-large wp-image-482\" alt=\"\" srcset=\"https:\/\/kamranaghayev.com\/wp-content\/uploads\/2024\/11\/kamran-aghayev-promo2-lightblue-1024x683.jpg 1024w, https:\/\/kamranaghayev.com\/wp-content\/uploads\/2024\/11\/kamran-aghayev-promo2-lightblue-300x200.jpg 300w, https:\/\/kamranaghayev.com\/wp-content\/uploads\/2024\/11\/kamran-aghayev-promo2-lightblue-768x512.jpg 768w, https:\/\/kamranaghayev.com\/wp-content\/uploads\/2024\/11\/kamran-aghayev-promo2-lightblue-1536x1024.jpg 1536w, https:\/\/kamranaghayev.com\/wp-content\/uploads\/2024\/11\/kamran-aghayev-promo2-lightblue-2048x1366.jpg 2048w\" sizes=\"(max-width: 800px) 100vw, 800px\" \/>\t\t\t\t\t\t\t\t\t\t\t\t\t\t\t<\/div>\n\t\t\t\t\t<\/div>\n\t\t\t\t<\/div>\n\t\t<div class=\"elementor-element elementor-element-3c676371 e-flex e-con-boxed e-con e-child\" data-id=\"3c676371\" data-element_type=\"container\" data-e-type=\"container\">\n\t\t\t\t\t<div class=\"e-con-inner\">\n\t\t\t\t<div class=\"elementor-element elementor-element-41ab4128 elementor-widget elementor-widget-heading\" data-id=\"41ab4128\" data-element_type=\"widget\" data-e-type=\"widget\" data-widget_type=\"heading.default\">\n\t\t\t\t\t<h1 class=\"elementor-heading-title elementor-size-default\">Dr. Kamran Aghayev ile Randevu Al\u0131n<\/h1>\t\t\t\t<\/div>\n\t\t\t\t<div class=\"elementor-element elementor-element-651704a1 elementor-widget elementor-widget-text-editor\" data-id=\"651704a1\" data-element_type=\"widget\" data-e-type=\"widget\" data-widget_type=\"text-editor.default\">\n\t\t\t\t\t\t\t\t\t<p>\u0130stanbul, T\u00fcrkiye\u2019deki bir beyin ve omurga uzman\u0131ndan hemen randevu al\u0131n. Sa\u011fl\u0131\u011f\u0131n\u0131z\u0131 Dr. Kamran Aghayev\u2019in deneyimli ellerine emanet edin.<\/p>\t\t\t\t\t\t\t\t<\/div>\n\t\t<div class=\"elementor-element elementor-element-6e6f65d8 e-flex e-con-boxed e-con e-child\" data-id=\"6e6f65d8\" data-element_type=\"container\" data-e-type=\"container\" data-settings=\"{&quot;background_background&quot;:&quot;classic&quot;}\">\n\t\t\t\t\t<div class=\"e-con-inner\">\n\t\t\t\t<div class=\"elementor-element elementor-element-7e935c2f elementor-widget elementor-widget-heading\" data-id=\"7e935c2f\" data-element_type=\"widget\" data-e-type=\"widget\" data-widget_type=\"heading.default\">\n\t\t\t\t\t<h2 class=\"elementor-heading-title elementor-size-default\">Ofis Randevusu Talep Formu<\/h2>\t\t\t\t<\/div>\n\t\t\t\t<div class=\"elementor-element elementor-element-7d91361c elementor-widget elementor-widget-hubspot-form\" data-id=\"7d91361c\" data-element_type=\"widget\" data-e-type=\"widget\" data-widget_type=\"hubspot-form.default\">\n\t\t\t\t<div class=\"elementor-widget-container\">\n\t\t\t\t\t\n\t\t\t\t\t\t<script>\n\t\t\t\t\t\t\twindow.hsFormsOnReady = window.hsFormsOnReady || [];\n\t\t\t\t\t\t\twindow.hsFormsOnReady.push(()=>{\n\t\t\t\t\t\t\t\thbspt.forms.create({\n\t\t\t\t\t\t\t\t\tportalId: 143283425,\n\t\t\t\t\t\t\t\t\tformId: \"0d341873-cd66-4aee-9086-475e9fa2173e\",\n\t\t\t\t\t\t\t\t\ttarget: \"#hbspt-form-1775558875000-8515100706\",\n\t\t\t\t\t\t\t\t\tregion: \"eu1\",\n\t\t\t\t\t\t\t\t\t\n\t\t\t\t\t\t\t})});\n\t\t\t\t\t\t<\/script>\n\t\t\t\t\t\t<div class=\"hbspt-form\" id=\"hbspt-form-1775558875000-8515100706\"><\/div>\t\t\t\t<\/div>\n\t\t\t\t<\/div>\n\t\t\t\t\t<\/div>\n\t\t\t\t<\/div>\n\t\t\t\t\t<\/div>\n\t\t\t\t<\/div>\n\t\t\t\t<\/div>\n\t\t\t\t<\/div>\n\t\t","protected":false},"excerpt":{"rendered":"<p>Dr. Kamran Aghayev ile Randevu Al\u0131n \u0130stanbul, T\u00fcrkiye\u2019deki bir beyin ve omurga uzman\u0131ndan hemen randevu al\u0131n. Sa\u011fl\u0131\u011f\u0131n\u0131z\u0131 Dr. Kamran Aghayev\u2019in deneyimli ellerine emanet edin. Ofis Randevusu Talep Formu<\/p>\n","protected":false},"author":2,"featured_media":0,"parent":0,"menu_order":0,"comment_status":"closed","ping_status":"closed","template":"elementor_header_footer","meta":{"_acf_changed":false,"content-type":"","footnotes":""},"class_list":["post-3415","page","type-page","status-publish","hentry"],"acf":[],"_links":{"self":[{"href":"https:\/\/kamranaghayev.com\/tr\/wp-json\/wp\/v2\/pages\/3415","targetHints":{"allow":["GET"]}}],"collection":[{"href":"https:\/\/kamranaghayev.com\/tr\/wp-json\/wp\/v2\/pages"}],"about":[{"href":"https:\/\/kamranaghayev.com\/tr\/wp-json\/wp\/v2\/types\/page"}],"author":[{"embeddable":true,"href":"https:\/\/kamranaghayev.com\/tr\/wp-json\/wp\/v2\/users\/2"}],"replies":[{"embeddable":true,"href":"https:\/\/kamranaghayev.com\/tr\/wp-json\/wp\/v2\/comments?post=3415"}],"version-history":[{"count":0,"href":"https:\/\/kamranaghayev.com\/tr\/wp-json\/wp\/v2\/pages\/3415\/revisions"}],"wp:attachment":[{"href":"https:\/\/kamranaghayev.com\/tr\/wp-json\/wp\/v2\/media?parent=3415"}],"curies":[{"name":"wp","href":"https:\/\/api.w.org\/{rel}","templated":true}]}}