{"id":3421,"date":"2024-11-20T05:54:09","date_gmt":"2024-11-20T05:54:09","guid":{"rendered":"https:\/\/kamranaghayev.com\/online-konsultasyon\/"},"modified":"2025-05-11T21:23:42","modified_gmt":"2025-05-11T21:23:42","slug":"online-danismanlik","status":"publish","type":"page","link":"https:\/\/kamranaghayev.com\/tr\/online-danismanlik\/","title":{"rendered":"Online Kons\u00fcltasyon"},"content":{"rendered":"\t\t<div data-elementor-type=\"wp-page\" data-elementor-id=\"3421\" class=\"elementor elementor-3421 elementor-463\" data-elementor-post-type=\"page\">\n\t\t\t\t<div class=\"elementor-element elementor-element-06e3eca e-con-full e-flex e-con e-parent\" data-id=\"06e3eca\" data-element_type=\"container\" data-e-type=\"container\">\n\t\t<div class=\"elementor-element elementor-element-60824751 e-flex e-con-boxed e-con e-child\" data-id=\"60824751\" data-element_type=\"container\" data-e-type=\"container\">\n\t\t\t\t\t<div class=\"e-con-inner\">\n\t\t\t\t<div class=\"elementor-element elementor-element-2d22dbbf elementor-widget elementor-widget-image\" data-id=\"2d22dbbf\" data-element_type=\"widget\" data-e-type=\"widget\" data-widget_type=\"image.default\">\n\t\t\t\t\t\t\t\t\t\t\t\t\t\t\t<img fetchpriority=\"high\" decoding=\"async\" width=\"800\" height=\"534\" src=\"https:\/\/kamranaghayev.com\/wp-content\/uploads\/2024\/11\/kamran-aghayev-promo2-lightblue-1024x683.jpg\" class=\"attachment-large size-large wp-image-482\" alt=\"\" srcset=\"https:\/\/kamranaghayev.com\/wp-content\/uploads\/2024\/11\/kamran-aghayev-promo2-lightblue-1024x683.jpg 1024w, https:\/\/kamranaghayev.com\/wp-content\/uploads\/2024\/11\/kamran-aghayev-promo2-lightblue-300x200.jpg 300w, https:\/\/kamranaghayev.com\/wp-content\/uploads\/2024\/11\/kamran-aghayev-promo2-lightblue-768x512.jpg 768w, https:\/\/kamranaghayev.com\/wp-content\/uploads\/2024\/11\/kamran-aghayev-promo2-lightblue-1536x1024.jpg 1536w, https:\/\/kamranaghayev.com\/wp-content\/uploads\/2024\/11\/kamran-aghayev-promo2-lightblue-2048x1366.jpg 2048w\" sizes=\"(max-width: 800px) 100vw, 800px\" \/>\t\t\t\t\t\t\t\t\t\t\t\t\t\t\t<\/div>\n\t\t\t\t\t<\/div>\n\t\t\t\t<\/div>\n\t\t<div class=\"elementor-element elementor-element-78cf2b95 e-flex e-con-boxed e-con e-child\" data-id=\"78cf2b95\" data-element_type=\"container\" data-e-type=\"container\">\n\t\t\t\t\t<div class=\"e-con-inner\">\n\t\t\t\t<div class=\"elementor-element elementor-element-7ffd0f72 elementor-widget elementor-widget-heading\" data-id=\"7ffd0f72\" data-element_type=\"widget\" data-e-type=\"widget\" data-widget_type=\"heading.default\">\n\t\t\t\t\t<h1 class=\"elementor-heading-title elementor-size-default\">Dr. Kamran Aghayev ile online dan\u0131\u015fmanl\u0131k<\/h1>\t\t\t\t<\/div>\n\t\t\t\t<div class=\"elementor-element elementor-element-483fe2c3 elementor-widget elementor-widget-text-editor\" data-id=\"483fe2c3\" data-element_type=\"widget\" data-e-type=\"widget\" data-widget_type=\"text-editor.default\">\n\t\t\t\t\t\t\t\t\t<p>\u0130stanbul, T\u00fcrkiye\u2019deki bir beyin ve omurga uzman\u0131ndan hemen randevu al\u0131n. Sa\u011fl\u0131\u011f\u0131n\u0131z\u0131 Prof. Dr. Kamran Aghayev\u2019in deneyimli ellerine emanet edin.<\/p>\t\t\t\t\t\t\t\t<\/div>\n\t\t<div class=\"elementor-element elementor-element-6ab8a5e7 e-flex e-con-boxed e-con e-child\" data-id=\"6ab8a5e7\" data-element_type=\"container\" data-e-type=\"container\" data-settings=\"{&quot;background_background&quot;:&quot;classic&quot;}\">\n\t\t\t\t\t<div class=\"e-con-inner\">\n\t\t\t\t<div class=\"elementor-element elementor-element-6de3ae3e elementor-widget elementor-widget-heading\" data-id=\"6de3ae3e\" data-element_type=\"widget\" data-e-type=\"widget\" data-widget_type=\"heading.default\">\n\t\t\t\t\t<h2 class=\"elementor-heading-title elementor-size-default\">Online Dan\u0131\u015fmanl\u0131k Talep Formu<\/h2>\t\t\t\t<\/div>\n\t\t\t\t<div class=\"elementor-element elementor-element-e01ec43 elementor-widget elementor-widget-hubspot-form\" data-id=\"e01ec43\" data-element_type=\"widget\" data-e-type=\"widget\" data-widget_type=\"hubspot-form.default\">\n\t\t\t\t<div class=\"elementor-widget-container\">\n\t\t\t\t\t\n\t\t\t\t\t\t<script>\n\t\t\t\t\t\t\twindow.hsFormsOnReady = window.hsFormsOnReady || [];\n\t\t\t\t\t\t\twindow.hsFormsOnReady.push(()=>{\n\t\t\t\t\t\t\t\thbspt.forms.create({\n\t\t\t\t\t\t\t\t\tportalId: 143283425,\n\t\t\t\t\t\t\t\t\tformId: \"0d341873-cd66-4aee-9086-475e9fa2173e\",\n\t\t\t\t\t\t\t\t\ttarget: \"#hbspt-form-1775407113000-6529896656\",\n\t\t\t\t\t\t\t\t\tregion: \"eu1\",\n\t\t\t\t\t\t\t\t\t\n\t\t\t\t\t\t\t})});\n\t\t\t\t\t\t<\/script>\n\t\t\t\t\t\t<div class=\"hbspt-form\" id=\"hbspt-form-1775407113000-6529896656\"><\/div>\t\t\t\t<\/div>\n\t\t\t\t<\/div>\n\t\t\t\t\t<\/div>\n\t\t\t\t<\/div>\n\t\t\t\t\t<\/div>\n\t\t\t\t<\/div>\n\t\t\t\t<\/div>\n\t\t\t\t<\/div>\n\t\t","protected":false},"excerpt":{"rendered":"<p>Dr. Kamran Aghayev ile online dan\u0131\u015fmanl\u0131k \u0130stanbul, T\u00fcrkiye\u2019deki bir beyin ve omurga uzman\u0131ndan hemen randevu al\u0131n. Sa\u011fl\u0131\u011f\u0131n\u0131z\u0131 Prof. Dr. Kamran Aghayev\u2019in deneyimli ellerine emanet edin. Online Dan\u0131\u015fmanl\u0131k Talep Formu<\/p>\n","protected":false},"author":2,"featured_media":91,"parent":0,"menu_order":0,"comment_status":"closed","ping_status":"closed","template":"elementor_header_footer","meta":{"_acf_changed":false,"content-type":"","footnotes":""},"class_list":["post-3421","page","type-page","status-publish","has-post-thumbnail","hentry"],"acf":[],"_links":{"self":[{"href":"https:\/\/kamranaghayev.com\/tr\/wp-json\/wp\/v2\/pages\/3421","targetHints":{"allow":["GET"]}}],"collection":[{"href":"https:\/\/kamranaghayev.com\/tr\/wp-json\/wp\/v2\/pages"}],"about":[{"href":"https:\/\/kamranaghayev.com\/tr\/wp-json\/wp\/v2\/types\/page"}],"author":[{"embeddable":true,"href":"https:\/\/kamranaghayev.com\/tr\/wp-json\/wp\/v2\/users\/2"}],"replies":[{"embeddable":true,"href":"https:\/\/kamranaghayev.com\/tr\/wp-json\/wp\/v2\/comments?post=3421"}],"version-history":[{"count":0,"href":"https:\/\/kamranaghayev.com\/tr\/wp-json\/wp\/v2\/pages\/3421\/revisions"}],"wp:featuredmedia":[{"embeddable":true,"href":"https:\/\/kamranaghayev.com\/tr\/wp-json\/wp\/v2\/media\/91"}],"wp:attachment":[{"href":"https:\/\/kamranaghayev.com\/tr\/wp-json\/wp\/v2\/media?parent=3421"}],"curies":[{"name":"wp","href":"https:\/\/api.w.org\/{rel}","templated":true}]}}